{"id":2926,"date":"2024-06-17T05:35:27","date_gmt":"2024-06-17T09:35:27","guid":{"rendered":"https:\/\/integralpiscinas.cl\/?page_id=2926"},"modified":"2024-06-17T06:26:04","modified_gmt":"2024-06-17T10:26:04","slug":"piscinas-limpias-y-cristalinas","status":"publish","type":"page","link":"https:\/\/integralpiscinaschile.cl\/index.php\/piscinas-limpias-y-cristalinas\/","title":{"rendered":"Piscinas Limpias y Cristalinas"},"content":{"rendered":"\t\t<div data-elementor-type=\"wp-page\" data-elementor-id=\"2926\" class=\"elementor elementor-2926\">\n\t\t\t\t\t\t<section class=\"elementor-section elementor-top-section elementor-element elementor-element-03902ba elementor-section-boxed elementor-section-height-default elementor-section-height-default\" data-id=\"03902ba\" data-element_type=\"section\" data-settings=\"{&quot;background_background&quot;:&quot;classic&quot;}\">\n\t\t\t\t\t\t<div class=\"elementor-container elementor-column-gap-default\">\n\t\t\t\t\t<div class=\"elementor-column elementor-col-100 elementor-top-column elementor-element elementor-element-5f27bb3\" data-id=\"5f27bb3\" data-element_type=\"column\">\n\t\t\t<div class=\"elementor-widget-wrap elementor-element-populated\">\n\t\t\t\t\t\t<section class=\"elementor-section elementor-inner-section elementor-element elementor-element-fa47a7c elementor-section-boxed elementor-section-height-default elementor-section-height-default\" data-id=\"fa47a7c\" data-element_type=\"section\">\n\t\t\t\t\t\t<div class=\"elementor-container elementor-column-gap-default\">\n\t\t\t\t\t<div class=\"elementor-column elementor-col-50 elementor-inner-column elementor-element elementor-element-008e02e elementor-invisible\" data-id=\"008e02e\" data-element_type=\"column\" data-settings=\"{&quot;animation&quot;:&quot;fadeInLeft&quot;}\">\n\t\t\t<div class=\"elementor-widget-wrap elementor-element-populated\">\n\t\t\t\t\t\t<div class=\"elementor-element elementor-element-a0137eb elementor-widget elementor-widget-section-title\" data-id=\"a0137eb\" data-element_type=\"widget\" data-widget_type=\"section-title.default\">\n\t\t\t\t<div class=\"elementor-widget-container\">\n\t\t\t\t\t\r\n\t\t\t\t\t<div class=\"section-title style2\">\r\n\t\t\t\t\t\t\t\t\r\n\t\t\t\t \r\n\t\t\t\t\t<h3 class=\"title\">Trabajo de Mantenimiento y Limpieza <br>  <span>de Piscinas<\/span><\/h3>\r\n\t\t\t\t\t\t\t\t\r\n\t\t\t\t\t\t\t<\/div>\r\n\r\n\t\t\r\n\t\t\t\t\t\t<\/div>\n\t\t\t\t<\/div>\n\t\t\t\t<div class=\"elementor-element elementor-element-8ef82d9 elementor-widget elementor-widget-text-editor\" data-id=\"8ef82d9\" data-element_type=\"widget\" data-widget_type=\"text-editor.default\">\n\t\t\t\t<div class=\"elementor-widget-container\">\n\t\t\t\t\t\t\t\t\t<ul><li>Aspirado de fondo.<\/li><li>Escobillado de muros.<\/li><li>Barrido de hojas.<\/li><li>Retrolavado y enjuague del filtro.<\/li><li>Limpieza de canastillos de la bomba y el skimmer.<\/li><li>Aplicaci\u00f3n de productos qu\u00edmicos.<\/li><li>Programaci\u00f3n del timer.<\/li><\/ul><p>Adem\u00e1s, proporcionamos un registro digital que enviamos directamente al tel\u00e9fono de cada cliente, permitiendo llevar una cuenta detallada y actualizada de nuestro servicio.<\/p><p>Los productos qu\u00edmicos est\u00e1n incluidos en nuestros servicios, y contamos con planes de mantenimiento tanto para verano como para invierno. Atendemos a edificios, comunidades, particulares y empresas.<\/p>\t\t\t\t\t\t\t\t<\/div>\n\t\t\t\t<\/div>\n\t\t\t\t\t<\/div>\n\t\t<\/div>\n\t\t\t\t<div class=\"elementor-column elementor-col-50 elementor-inner-column elementor-element elementor-element-96fcb48 elementor-invisible\" data-id=\"96fcb48\" data-element_type=\"column\" data-settings=\"{&quot;animation&quot;:&quot;fadeInLeft&quot;}\">\n\t\t\t<div class=\"elementor-widget-wrap elementor-element-populated\">\n\t\t\t\t\t\t<section class=\"elementor-section elementor-inner-section elementor-element elementor-element-87cadd8 elementor-section-boxed elementor-section-height-default elementor-section-height-default\" data-id=\"87cadd8\" data-element_type=\"section\">\n\t\t\t\t\t\t<div class=\"elementor-container elementor-column-gap-default\">\n\t\t\t\t\t<div class=\"elementor-column elementor-col-100 elementor-inner-column elementor-element elementor-element-5a01ea7 elementor-invisible\" data-id=\"5a01ea7\" data-element_type=\"column\" data-settings=\"{&quot;animation&quot;:&quot;fadeInLeft&quot;}\">\n\t\t\t<div class=\"elementor-widget-wrap elementor-element-populated\">\n\t\t\t\t\t\t<div class=\"elementor-element elementor-element-e324eaf elementor-arrows-position-inside elementor-pagination-position-outside elementor-widget elementor-widget-image-carousel\" data-id=\"e324eaf\" data-element_type=\"widget\" data-settings=\"{&quot;slides_to_show&quot;:&quot;1&quot;,&quot;navigation&quot;:&quot;both&quot;,&quot;autoplay&quot;:&quot;yes&quot;,&quot;pause_on_hover&quot;:&quot;yes&quot;,&quot;pause_on_interaction&quot;:&quot;yes&quot;,&quot;autoplay_speed&quot;:5000,&quot;infinite&quot;:&quot;yes&quot;,&quot;effect&quot;:&quot;slide&quot;,&quot;speed&quot;:500}\" data-widget_type=\"image-carousel.default\">\n\t\t\t\t<div class=\"elementor-widget-container\">\n\t\t\t\t\t\t\t<div class=\"elementor-image-carousel-wrapper swiper\" role=\"region\" aria-roledescription=\"carousel\" aria-label=\"Carrusel de im\u00e1genes\" dir=\"ltr\">\n\t\t\t<div class=\"elementor-image-carousel swiper-wrapper\" aria-live=\"off\">\n\t\t\t\t\t\t\t\t<div class=\"swiper-slide\" role=\"group\" aria-roledescription=\"slide\" aria-label=\"1 de 25\"><figure class=\"swiper-slide-inner\"><img decoding=\"async\" class=\"swiper-slide-image\" src=\"https:\/\/integralpiscinaschile.cl\/wp-content\/uploads\/2024\/06\/Mantencion-de-Piscinas-integralpiscinas-38.jpg\" alt=\"Mantencion de Piscinas - integralpiscinas 38\" \/><\/figure><\/div><div class=\"swiper-slide\" role=\"group\" aria-roledescription=\"slide\" aria-label=\"2 de 25\"><figure class=\"swiper-slide-inner\"><img decoding=\"async\" class=\"swiper-slide-image\" src=\"https:\/\/integralpiscinaschile.cl\/wp-content\/uploads\/2024\/06\/Mantencion-de-Piscinas-integralpiscinas-37.jpg\" alt=\"Mantencion de Piscinas - integralpiscinas 37\" \/><\/figure><\/div><div class=\"swiper-slide\" role=\"group\" aria-roledescription=\"slide\" aria-label=\"3 de 25\"><figure class=\"swiper-slide-inner\"><img decoding=\"async\" class=\"swiper-slide-image\" src=\"https:\/\/integralpiscinaschile.cl\/wp-content\/uploads\/2024\/06\/Mantencion-de-Piscinas-integralpiscinas-36.jpg\" alt=\"Mantencion de Piscinas - integralpiscinas 36\" \/><\/figure><\/div><div class=\"swiper-slide\" role=\"group\" aria-roledescription=\"slide\" aria-label=\"4 de 25\"><figure class=\"swiper-slide-inner\"><img decoding=\"async\" class=\"swiper-slide-image\" src=\"https:\/\/integralpiscinaschile.cl\/wp-content\/uploads\/2024\/06\/Mantencion-de-Piscinas-integralpiscinas-35.jpg\" alt=\"Mantencion de Piscinas - integralpiscinas 35\" \/><\/figure><\/div><div class=\"swiper-slide\" role=\"group\" aria-roledescription=\"slide\" aria-label=\"5 de 25\"><figure class=\"swiper-slide-inner\"><img decoding=\"async\" class=\"swiper-slide-image\" src=\"https:\/\/integralpiscinaschile.cl\/wp-content\/uploads\/2024\/06\/Mantencion-de-Piscinas-integralpiscinas-34.jpg\" alt=\"Mantencion de Piscinas - integralpiscinas 34\" \/><\/figure><\/div><div class=\"swiper-slide\" role=\"group\" aria-roledescription=\"slide\" aria-label=\"6 de 25\"><figure class=\"swiper-slide-inner\"><img decoding=\"async\" class=\"swiper-slide-image\" src=\"https:\/\/integralpiscinaschile.cl\/wp-content\/uploads\/2024\/06\/Mantencion-de-Piscinas-integralpiscinas-33.jpg\" alt=\"Mantencion de Piscinas - integralpiscinas 33\" \/><\/figure><\/div><div class=\"swiper-slide\" role=\"group\" aria-roledescription=\"slide\" aria-label=\"7 de 25\"><figure class=\"swiper-slide-inner\"><img decoding=\"async\" class=\"swiper-slide-image\" src=\"https:\/\/integralpiscinaschile.cl\/wp-content\/uploads\/2024\/06\/Mantencion-de-Piscinas-integralpiscinas-32.jpg\" alt=\"Mantencion de Piscinas - integralpiscinas 32\" \/><\/figure><\/div><div class=\"swiper-slide\" role=\"group\" aria-roledescription=\"slide\" aria-label=\"8 de 25\"><figure class=\"swiper-slide-inner\"><img decoding=\"async\" class=\"swiper-slide-image\" src=\"https:\/\/integralpiscinaschile.cl\/wp-content\/uploads\/2024\/06\/Mantencion-de-Piscinas-integralpiscinas-31.jpg\" alt=\"Mantencion de Piscinas - integralpiscinas 31\" \/><\/figure><\/div><div class=\"swiper-slide\" role=\"group\" aria-roledescription=\"slide\" aria-label=\"9 de 25\"><figure class=\"swiper-slide-inner\"><img decoding=\"async\" class=\"swiper-slide-image\" src=\"https:\/\/integralpiscinaschile.cl\/wp-content\/uploads\/2024\/06\/Mantencion-de-Piscinas-integralpiscinas-30.jpg\" alt=\"Mantencion de Piscinas - integralpiscinas 30\" \/><\/figure><\/div><div class=\"swiper-slide\" role=\"group\" aria-roledescription=\"slide\" aria-label=\"10 de 25\"><figure class=\"swiper-slide-inner\"><img decoding=\"async\" class=\"swiper-slide-image\" src=\"https:\/\/integralpiscinaschile.cl\/wp-content\/uploads\/2024\/06\/Mantencion-de-Piscinas-integralpiscinas-29.jpg\" alt=\"Mantencion de Piscinas - integralpiscinas 29\" \/><\/figure><\/div><div class=\"swiper-slide\" role=\"group\" aria-roledescription=\"slide\" aria-label=\"11 de 25\"><figure class=\"swiper-slide-inner\"><img decoding=\"async\" class=\"swiper-slide-image\" src=\"https:\/\/integralpiscinaschile.cl\/wp-content\/uploads\/2024\/06\/Mantencion-de-Piscinas-integralpiscinas-28.jpg\" alt=\"Mantencion de Piscinas - integralpiscinas 28\" \/><\/figure><\/div><div class=\"swiper-slide\" role=\"group\" aria-roledescription=\"slide\" aria-label=\"12 de 25\"><figure class=\"swiper-slide-inner\"><img decoding=\"async\" class=\"swiper-slide-image\" src=\"https:\/\/integralpiscinaschile.cl\/wp-content\/uploads\/2024\/06\/Mantencion-de-Piscinas-integralpiscinas-27.jpg\" alt=\"Mantencion de Piscinas - integralpiscinas 27\" \/><\/figure><\/div><div class=\"swiper-slide\" role=\"group\" aria-roledescription=\"slide\" aria-label=\"13 de 25\"><figure class=\"swiper-slide-inner\"><img decoding=\"async\" class=\"swiper-slide-image\" src=\"https:\/\/integralpiscinaschile.cl\/wp-content\/uploads\/2024\/06\/Mantencion-de-Piscinas-integralpiscinas-26.jpg\" alt=\"Mantencion de Piscinas - integralpiscinas 26\" \/><\/figure><\/div><div class=\"swiper-slide\" role=\"group\" aria-roledescription=\"slide\" aria-label=\"14 de 25\"><figure class=\"swiper-slide-inner\"><img decoding=\"async\" class=\"swiper-slide-image\" src=\"https:\/\/integralpiscinaschile.cl\/wp-content\/uploads\/2024\/06\/Mantencion-de-Piscinas-integralpiscinas-25.jpg\" alt=\"Mantencion de Piscinas - integralpiscinas 25\" \/><\/figure><\/div><div class=\"swiper-slide\" role=\"group\" aria-roledescription=\"slide\" aria-label=\"15 de 25\"><figure class=\"swiper-slide-inner\"><img decoding=\"async\" class=\"swiper-slide-image\" src=\"https:\/\/integralpiscinaschile.cl\/wp-content\/uploads\/2024\/06\/Mantencion-de-Piscinas-integralpiscinas-24.jpg\" alt=\"Mantencion de Piscinas - integralpiscinas 24\" \/><\/figure><\/div><div class=\"swiper-slide\" role=\"group\" aria-roledescription=\"slide\" aria-label=\"16 de 25\"><figure class=\"swiper-slide-inner\"><img decoding=\"async\" class=\"swiper-slide-image\" src=\"https:\/\/integralpiscinaschile.cl\/wp-content\/uploads\/2024\/06\/Mantencion-de-Piscinas-integralpiscinas-23.jpg\" alt=\"Mantencion de Piscinas - integralpiscinas 23\" \/><\/figure><\/div><div class=\"swiper-slide\" role=\"group\" aria-roledescription=\"slide\" aria-label=\"17 de 25\"><figure class=\"swiper-slide-inner\"><img decoding=\"async\" class=\"swiper-slide-image\" src=\"https:\/\/integralpiscinaschile.cl\/wp-content\/uploads\/2024\/06\/Mantencion-de-Piscinas-integralpiscinas-22.jpg\" alt=\"Mantencion de Piscinas - integralpiscinas 22\" \/><\/figure><\/div><div class=\"swiper-slide\" role=\"group\" aria-roledescription=\"slide\" aria-label=\"18 de 25\"><figure class=\"swiper-slide-inner\"><img decoding=\"async\" class=\"swiper-slide-image\" src=\"https:\/\/integralpiscinaschile.cl\/wp-content\/uploads\/2024\/06\/Mantencion-de-Piscinas-integralpiscinas-21.jpg\" alt=\"Mantencion de Piscinas - integralpiscinas 21\" \/><\/figure><\/div><div class=\"swiper-slide\" role=\"group\" aria-roledescription=\"slide\" aria-label=\"19 de 25\"><figure class=\"swiper-slide-inner\"><img decoding=\"async\" class=\"swiper-slide-image\" src=\"https:\/\/integralpiscinaschile.cl\/wp-content\/uploads\/2024\/06\/Mantencion-de-Piscinas-integralpiscinas-20.jpg\" alt=\"Mantencion de Piscinas - integralpiscinas 20\" \/><\/figure><\/div><div class=\"swiper-slide\" role=\"group\" aria-roledescription=\"slide\" aria-label=\"20 de 25\"><figure class=\"swiper-slide-inner\"><img decoding=\"async\" class=\"swiper-slide-image\" src=\"https:\/\/integralpiscinaschile.cl\/wp-content\/uploads\/2024\/06\/Mantencion-de-Piscinas-integralpiscinas-19.jpg\" alt=\"Mantencion de Piscinas - integralpiscinas 19\" \/><\/figure><\/div><div class=\"swiper-slide\" role=\"group\" aria-roledescription=\"slide\" aria-label=\"21 de 25\"><figure class=\"swiper-slide-inner\"><img decoding=\"async\" class=\"swiper-slide-image\" src=\"https:\/\/integralpiscinaschile.cl\/wp-content\/uploads\/2024\/06\/Mantencion-de-Piscinas-integralpiscinas-18.jpg\" alt=\"Mantencion de Piscinas - integralpiscinas 18\" \/><\/figure><\/div><div class=\"swiper-slide\" role=\"group\" aria-roledescription=\"slide\" aria-label=\"22 de 25\"><figure class=\"swiper-slide-inner\"><img decoding=\"async\" class=\"swiper-slide-image\" src=\"https:\/\/integralpiscinaschile.cl\/wp-content\/uploads\/2024\/06\/Mantencion-de-Piscinas-integralpiscinas-17.jpg\" alt=\"Mantencion de Piscinas - integralpiscinas 17\" \/><\/figure><\/div><div class=\"swiper-slide\" role=\"group\" aria-roledescription=\"slide\" aria-label=\"23 de 25\"><figure class=\"swiper-slide-inner\"><img decoding=\"async\" class=\"swiper-slide-image\" src=\"https:\/\/integralpiscinaschile.cl\/wp-content\/uploads\/2024\/06\/Mantencion-de-Piscinas-integralpiscinas-16.jpg\" alt=\"Mantencion de Piscinas - integralpiscinas 16\" \/><\/figure><\/div><div class=\"swiper-slide\" role=\"group\" aria-roledescription=\"slide\" aria-label=\"24 de 25\"><figure class=\"swiper-slide-inner\"><img decoding=\"async\" class=\"swiper-slide-image\" src=\"https:\/\/integralpiscinaschile.cl\/wp-content\/uploads\/2024\/06\/Mantencion-de-Piscinas-integralpiscinas-15.jpg\" alt=\"Mantencion de Piscinas - integralpiscinas 15\" \/><\/figure><\/div><div class=\"swiper-slide\" role=\"group\" aria-roledescription=\"slide\" aria-label=\"25 de 25\"><figure class=\"swiper-slide-inner\"><img decoding=\"async\" class=\"swiper-slide-image\" src=\"https:\/\/integralpiscinaschile.cl\/wp-content\/uploads\/2024\/06\/Mantencion-de-Piscinas-integralpiscinas-14.jpg\" alt=\"Mantencion de Piscinas - integralpiscinas 14\" \/><\/figure><\/div>\t\t\t<\/div>\n\t\t\t\t\t\t\t\t\t\t\t\t<div class=\"elementor-swiper-button elementor-swiper-button-prev\" role=\"button\" tabindex=\"0\">\n\t\t\t\t\t\t<svg aria-hidden=\"true\" class=\"e-font-icon-svg e-eicon-chevron-left\" viewBox=\"0 0 1000 1000\" xmlns=\"http:\/\/www.w3.org\/2000\/svg\"><path d=\"M646 125C629 125 613 133 604 142L308 442C296 454 292 471 292 487 292 504 296 521 308 533L604 854C617 867 629 875 646 875 663 875 679 871 692 858 704 846 713 829 713 812 713 796 708 779 692 767L438 487 692 225C700 217 708 204 708 187 708 171 704 154 692 142 675 129 663 125 646 125Z\"><\/path><\/svg>\t\t\t\t\t<\/div>\n\t\t\t\t\t<div class=\"elementor-swiper-button elementor-swiper-button-next\" role=\"button\" tabindex=\"0\">\n\t\t\t\t\t\t<svg aria-hidden=\"true\" class=\"e-font-icon-svg e-eicon-chevron-right\" viewBox=\"0 0 1000 1000\" xmlns=\"http:\/\/www.w3.org\/2000\/svg\"><path d=\"M696 533C708 521 713 504 713 487 713 471 708 454 696 446L400 146C388 133 375 125 354 125 338 125 325 129 313 142 300 154 292 171 292 187 292 204 296 221 308 233L563 492 304 771C292 783 288 800 288 817 288 833 296 850 308 863 321 871 338 875 354 875 371 875 388 867 400 854L696 533Z\"><\/path><\/svg>\t\t\t\t\t<\/div>\n\t\t\t\t\n\t\t\t\t\t\t\t\t\t<div class=\"swiper-pagination\"><\/div>\n\t\t\t\t\t\t\t\t\t<\/div>\n\t\t\t\t\t\t<\/div>\n\t\t\t\t<\/div>\n\t\t\t\t\t<\/div>\n\t\t<\/div>\n\t\t\t\t\t<\/div>\n\t\t<\/section>\n\t\t\t\t\t<\/div>\n\t\t<\/div>\n\t\t\t\t\t<\/div>\n\t\t<\/section>\n\t\t\t\t\t<\/div>\n\t\t<\/div>\n\t\t\t\t\t<\/div>\n\t\t<\/section>\n\t\t<div class=\"elementor-element elementor-element-3cebfb8 e-flex e-con-boxed e-con e-parent\" data-id=\"3cebfb8\" data-element_type=\"container\">\n\t\t\t\t\t<div class=\"e-con-inner\">\n\t\t\t\t<div class=\"elementor-element elementor-element-d670549 elementor-widget elementor-widget-dit-button\" data-id=\"d670549\" data-element_type=\"widget\" data-widget_type=\"dit-button.default\">\n\t\t\t\t<div class=\"elementor-widget-container\">\n\t\t\t\t\t\r\n\t\t\r\n\t\t\t<div class=\"dreamit-button style1\">\r\n\t\t\t\t<a class=\"button\" href=\"https:\/\/integralpiscinaschile.cl\/index.php\/contact\/\">\r\n\t\t\t\t\t\r\n\t\t\t\t\t\t\t\t\t\tSolicitar Presupuesto con Instalaci\u00f3n\t\t\t\t<\/a>\r\n\t\t\t<\/div>\r\n\r\n\t\t\r\n\t\t\t\t\t<\/div>\n\t\t\t\t<\/div>\n\t\t\t\t\t<\/div>\n\t\t\t\t<\/div>\n\t\t\t\t<\/div>\n\t\t","protected":false},"excerpt":{"rendered":"<p>Trabajo de Mantenimiento y Limpieza de Piscinas Aspirado de fondo. Escobillado de muros. Barrido de hojas. Retrolavado y enjuague del filtro. Limpieza de canastillos de la bomba y el skimmer. Aplicaci\u00f3n de productos qu\u00edmicos. Programaci\u00f3n del timer. Adem\u00e1s, proporcionamos un registro digital que enviamos directamente al tel\u00e9fono de cada cliente, permitiendo llevar una cuenta detallada [&hellip;]<\/p>\n","protected":false},"author":1,"featured_media":0,"parent":0,"menu_order":0,"comment_status":"closed","ping_status":"closed","template":"page-templates\/template-default.php","meta":{"footnotes":""},"class_list":["post-2926","page","type-page","status-publish","hentry"],"_links":{"self":[{"href":"https:\/\/integralpiscinaschile.cl\/index.php\/wp-json\/wp\/v2\/pages\/2926","targetHints":{"allow":["GET"]}}],"collection":[{"href":"https:\/\/integralpiscinaschile.cl\/index.php\/wp-json\/wp\/v2\/pages"}],"about":[{"href":"https:\/\/integralpiscinaschile.cl\/index.php\/wp-json\/wp\/v2\/types\/page"}],"author":[{"embeddable":true,"href":"https:\/\/integralpiscinaschile.cl\/index.php\/wp-json\/wp\/v2\/users\/1"}],"replies":[{"embeddable":true,"href":"https:\/\/integralpiscinaschile.cl\/index.php\/wp-json\/wp\/v2\/comments?post=2926"}],"version-history":[{"count":25,"href":"https:\/\/integralpiscinaschile.cl\/index.php\/wp-json\/wp\/v2\/pages\/2926\/revisions"}],"predecessor-version":[{"id":2963,"href":"https:\/\/integralpiscinaschile.cl\/index.php\/wp-json\/wp\/v2\/pages\/2926\/revisions\/2963"}],"wp:attachment":[{"href":"https:\/\/integralpiscinaschile.cl\/index.php\/wp-json\/wp\/v2\/media?parent=2926"}],"curies":[{"name":"wp","href":"https:\/\/api.w.org\/{rel}","templated":true}]}}