{"id":2991,"date":"2024-06-17T06:44:27","date_gmt":"2024-06-17T10:44:27","guid":{"rendered":"https:\/\/integralpiscinas.cl\/?page_id=2991"},"modified":"2024-06-17T06:47:13","modified_gmt":"2024-06-17T10:47:13","slug":"servicio-completo-para-piscinas","status":"publish","type":"page","link":"https:\/\/integralpiscinaschile.cl\/index.php\/servicio-completo-para-piscinas\/","title":{"rendered":"Servicio Completo para Piscinas"},"content":{"rendered":"\t\t<div data-elementor-type=\"wp-page\" data-elementor-id=\"2991\" class=\"elementor elementor-2991\">\n\t\t\t\t\t\t<section class=\"elementor-section elementor-top-section elementor-element elementor-element-03902ba elementor-section-boxed elementor-section-height-default elementor-section-height-default\" data-id=\"03902ba\" data-element_type=\"section\" data-settings=\"{&quot;background_background&quot;:&quot;classic&quot;}\">\n\t\t\t\t\t\t<div class=\"elementor-container elementor-column-gap-default\">\n\t\t\t\t\t<div class=\"elementor-column elementor-col-100 elementor-top-column elementor-element elementor-element-5f27bb3\" data-id=\"5f27bb3\" data-element_type=\"column\">\n\t\t\t<div class=\"elementor-widget-wrap elementor-element-populated\">\n\t\t\t\t\t\t<section class=\"elementor-section elementor-inner-section elementor-element elementor-element-fa47a7c elementor-section-boxed elementor-section-height-default elementor-section-height-default\" data-id=\"fa47a7c\" data-element_type=\"section\">\n\t\t\t\t\t\t<div class=\"elementor-container elementor-column-gap-default\">\n\t\t\t\t\t<div class=\"elementor-column elementor-col-50 elementor-inner-column elementor-element elementor-element-008e02e elementor-invisible\" data-id=\"008e02e\" data-element_type=\"column\" data-settings=\"{&quot;animation&quot;:&quot;fadeInLeft&quot;}\">\n\t\t\t<div class=\"elementor-widget-wrap elementor-element-populated\">\n\t\t\t\t\t\t<div class=\"elementor-element elementor-element-a0137eb elementor-widget elementor-widget-section-title\" data-id=\"a0137eb\" data-element_type=\"widget\" data-widget_type=\"section-title.default\">\n\t\t\t\t<div class=\"elementor-widget-container\">\n\t\t\t\t\t\r\n\t\t\t\t\t<div class=\"section-title style2\">\r\n\t\t\t\t\t\t\t\t\r\n\t\t\t\t \r\n\t\t\t\t\t<h3 class=\"title\">Instalaci\u00f3n completa de los equipo para <br>  <span>su Piscinas<\/span><\/h3>\r\n\t\t\t\t\t\t\t\t\r\n\t\t\t\t\t\t\t<\/div>\r\n\r\n\t\t\r\n\t\t\t\t\t\t<\/div>\n\t\t\t\t<\/div>\n\t\t\t\t<div class=\"elementor-element elementor-element-8ef82d9 elementor-widget elementor-widget-text-editor\" data-id=\"8ef82d9\" data-element_type=\"widget\" data-widget_type=\"text-editor.default\">\n\t\t\t\t<div class=\"elementor-widget-container\">\n\t\t\t\t\t\t\t\t\t<p>Seleccionamos cuidadosamente el equipo adecuado asegur\u00e1ndonos de elegir la bomba y el filtro que m\u00e1s se adaptan al tama\u00f1o de su piscina adem\u00e1s determinamos la capacidad de la bomba necesaria seg\u00fan los metros c\u00fabicos de agua y las caracter\u00edsticas del entorno garantizando as\u00ed un funcionamiento \u00f3ptimo del sistema .<\/p><p>Una vez seleccionado el equipo de filtrado procedemos con la instalaci\u00f3n de los equipos ubicando estrat\u00e9gicamente la bomba y el filtro seg\u00fan la necesidad del cliente. Nos aseguramos de cumplir toda la normativas al conectar el equipo de filtrado y el suministro el\u00e9ctrico. conectamos tuber\u00edas de aspiraci\u00f3n retorno y desague , junto con sus llaves de corte de muy buena calidad para futuros mantenimientos. Nos aseguramos que los equipos de filtrado est\u00e9n bien conectados sin fugas de agua revisamos cada instalaci\u00f3n as\u00ed garantizando un buen funcionamiento de su piscina, direccionamos cuidadosamente el flujo de agua para lograr una distribuci\u00f3n uniforme y efectiva en su piscina.<\/p><p>Llevamos a cabo la instalaci\u00f3n del sistema de control y automatizaci\u00f3n configurando temporizadores y controles para optimizar la eficiencia energ\u00e9tica y el rendimiento general del sistema <br \/>Adem\u00e1s brindamos capacitaci\u00f3n detallada al propietario sobre el funcionamiento del sistema y los procedimientos de mantenimiento b\u00e1sico garantizando as\u00ed un uso \u00f3ptimo en la piscina todo el a\u00f1o.<\/p><p>El servicio de post venta y soporte t\u00e9cnico continuo est\u00e1n disponibles para propietario asegurando asistencia adicional y mantenimiento seg\u00fan sea necesario en resumen la instalaci\u00f3n completa del sistema garantiza que la piscina funcione de manera \u00f3ptima y brinde experiencia segura y placentera para los usuarios<\/p>\t\t\t\t\t\t\t\t<\/div>\n\t\t\t\t<\/div>\n\t\t\t\t\t<\/div>\n\t\t<\/div>\n\t\t\t\t<div class=\"elementor-column elementor-col-50 elementor-inner-column elementor-element elementor-element-96fcb48 elementor-invisible\" data-id=\"96fcb48\" data-element_type=\"column\" data-settings=\"{&quot;animation&quot;:&quot;fadeInLeft&quot;}\">\n\t\t\t<div class=\"elementor-widget-wrap elementor-element-populated\">\n\t\t\t\t\t\t<section class=\"elementor-section elementor-inner-section elementor-element elementor-element-87cadd8 elementor-section-boxed elementor-section-height-default elementor-section-height-default\" data-id=\"87cadd8\" data-element_type=\"section\">\n\t\t\t\t\t\t<div class=\"elementor-container elementor-column-gap-default\">\n\t\t\t\t\t<div class=\"elementor-column elementor-col-100 elementor-inner-column elementor-element elementor-element-5a01ea7 elementor-invisible\" data-id=\"5a01ea7\" data-element_type=\"column\" data-settings=\"{&quot;animation&quot;:&quot;fadeInLeft&quot;}\">\n\t\t\t<div class=\"elementor-widget-wrap elementor-element-populated\">\n\t\t\t\t\t\t<div class=\"elementor-element elementor-element-e324eaf elementor-arrows-position-inside elementor-pagination-position-outside elementor-widget elementor-widget-image-carousel\" data-id=\"e324eaf\" data-element_type=\"widget\" data-settings=\"{&quot;slides_to_show&quot;:&quot;1&quot;,&quot;navigation&quot;:&quot;both&quot;,&quot;autoplay&quot;:&quot;yes&quot;,&quot;pause_on_hover&quot;:&quot;yes&quot;,&quot;pause_on_interaction&quot;:&quot;yes&quot;,&quot;autoplay_speed&quot;:5000,&quot;infinite&quot;:&quot;yes&quot;,&quot;effect&quot;:&quot;slide&quot;,&quot;speed&quot;:500}\" data-widget_type=\"image-carousel.default\">\n\t\t\t\t<div class=\"elementor-widget-container\">\n\t\t\t\t\t\t\t<div class=\"elementor-image-carousel-wrapper swiper\" role=\"region\" aria-roledescription=\"carousel\" aria-label=\"Carrusel de im\u00e1genes\" dir=\"ltr\">\n\t\t\t<div class=\"elementor-image-carousel swiper-wrapper\" aria-live=\"off\">\n\t\t\t\t\t\t\t\t<div class=\"swiper-slide\" role=\"group\" aria-roledescription=\"slide\" aria-label=\"1 de 20\"><figure class=\"swiper-slide-inner\"><img decoding=\"async\" class=\"swiper-slide-image\" src=\"https:\/\/integralpiscinaschile.cl\/wp-content\/uploads\/2024\/06\/Instalacion-de-Filtros-para-piscinas-integralpiscinas-5.jpg\" alt=\"Instalacion de Filtros para piscinas - integralpiscinas 5\" \/><\/figure><\/div><div class=\"swiper-slide\" role=\"group\" aria-roledescription=\"slide\" aria-label=\"2 de 20\"><figure class=\"swiper-slide-inner\"><img decoding=\"async\" class=\"swiper-slide-image\" src=\"https:\/\/integralpiscinaschile.cl\/wp-content\/uploads\/2024\/06\/Instalacion-de-Filtros-para-piscinas-integralpiscinas-4.jpg\" alt=\"Instalacion de Filtros para piscinas - integralpiscinas 4\" \/><\/figure><\/div><div class=\"swiper-slide\" role=\"group\" aria-roledescription=\"slide\" aria-label=\"3 de 20\"><figure class=\"swiper-slide-inner\"><img decoding=\"async\" class=\"swiper-slide-image\" src=\"https:\/\/integralpiscinaschile.cl\/wp-content\/uploads\/2024\/06\/Instalacion-de-Filtros-para-piscinas-integralpiscinas-3.jpg\" alt=\"Instalacion de Filtros para piscinas - integralpiscinas 3\" \/><\/figure><\/div><div class=\"swiper-slide\" role=\"group\" aria-roledescription=\"slide\" aria-label=\"4 de 20\"><figure class=\"swiper-slide-inner\"><img decoding=\"async\" class=\"swiper-slide-image\" src=\"https:\/\/integralpiscinaschile.cl\/wp-content\/uploads\/2024\/06\/Instalacion-de-Filtros-para-piscinas-integralpiscinas-2.jpg\" alt=\"Instalacion de Filtros para piscinas - integralpiscinas 2\" \/><\/figure><\/div><div class=\"swiper-slide\" role=\"group\" aria-roledescription=\"slide\" aria-label=\"5 de 20\"><figure class=\"swiper-slide-inner\"><img decoding=\"async\" class=\"swiper-slide-image\" src=\"https:\/\/integralpiscinaschile.cl\/wp-content\/uploads\/2024\/06\/Instalacion-de-Filtros-para-piscinas-integralpiscinas-1.jpg\" alt=\"Instalacion de Filtros para piscinas - integralpiscinas 1\" \/><\/figure><\/div><div class=\"swiper-slide\" role=\"group\" aria-roledescription=\"slide\" aria-label=\"6 de 20\"><figure class=\"swiper-slide-inner\"><img decoding=\"async\" class=\"swiper-slide-image\" src=\"https:\/\/integralpiscinaschile.cl\/wp-content\/uploads\/2024\/06\/Instalacion-de-Filtros-para-piscinas-integralpiscinas-18.jpg\" alt=\"Instalacion de Filtros para piscinas - integralpiscinas 18\" \/><\/figure><\/div><div class=\"swiper-slide\" role=\"group\" aria-roledescription=\"slide\" aria-label=\"7 de 20\"><figure class=\"swiper-slide-inner\"><img decoding=\"async\" class=\"swiper-slide-image\" src=\"https:\/\/integralpiscinaschile.cl\/wp-content\/uploads\/2024\/06\/Instalacion-de-Filtros-para-piscinas-integralpiscinas-17.jpg\" alt=\"Instalacion de Filtros para piscinas - integralpiscinas 17\" \/><\/figure><\/div><div class=\"swiper-slide\" role=\"group\" aria-roledescription=\"slide\" aria-label=\"8 de 20\"><figure class=\"swiper-slide-inner\"><img decoding=\"async\" class=\"swiper-slide-image\" src=\"https:\/\/integralpiscinaschile.cl\/wp-content\/uploads\/2024\/06\/Instalacion-de-Filtros-para-piscinas-integralpiscinas-16.jpg\" alt=\"Instalacion de Filtros para piscinas - integralpiscinas 16\" \/><\/figure><\/div><div class=\"swiper-slide\" role=\"group\" aria-roledescription=\"slide\" aria-label=\"9 de 20\"><figure class=\"swiper-slide-inner\"><img decoding=\"async\" class=\"swiper-slide-image\" src=\"https:\/\/integralpiscinaschile.cl\/wp-content\/uploads\/2024\/06\/Instalacion-de-Filtros-para-piscinas-integralpiscinas-15.jpg\" alt=\"Instalacion de Filtros para piscinas - integralpiscinas 15\" \/><\/figure><\/div><div class=\"swiper-slide\" role=\"group\" aria-roledescription=\"slide\" aria-label=\"10 de 20\"><figure class=\"swiper-slide-inner\"><img decoding=\"async\" class=\"swiper-slide-image\" src=\"https:\/\/integralpiscinaschile.cl\/wp-content\/uploads\/2024\/06\/Instalacion-de-Filtros-para-piscinas-integralpiscinas-14.jpg\" alt=\"Instalacion de Filtros para piscinas - integralpiscinas 14\" \/><\/figure><\/div><div class=\"swiper-slide\" role=\"group\" aria-roledescription=\"slide\" aria-label=\"11 de 20\"><figure class=\"swiper-slide-inner\"><img decoding=\"async\" class=\"swiper-slide-image\" src=\"https:\/\/integralpiscinaschile.cl\/wp-content\/uploads\/2024\/06\/Instalacion-de-Filtros-para-piscinas-integralpiscinas-13.jpg\" alt=\"Instalacion de Filtros para piscinas - integralpiscinas 13\" \/><\/figure><\/div><div class=\"swiper-slide\" role=\"group\" aria-roledescription=\"slide\" aria-label=\"12 de 20\"><figure class=\"swiper-slide-inner\"><img decoding=\"async\" class=\"swiper-slide-image\" src=\"https:\/\/integralpiscinaschile.cl\/wp-content\/uploads\/2024\/06\/Instalacion-de-Filtros-para-piscinas-integralpiscinas-12.jpg\" alt=\"Instalacion de Filtros para piscinas - integralpiscinas 12\" \/><\/figure><\/div><div class=\"swiper-slide\" role=\"group\" aria-roledescription=\"slide\" aria-label=\"13 de 20\"><figure class=\"swiper-slide-inner\"><img decoding=\"async\" class=\"swiper-slide-image\" src=\"https:\/\/integralpiscinaschile.cl\/wp-content\/uploads\/2024\/06\/Instalacion-de-Filtros-para-piscinas-integralpiscinas-11.jpg\" alt=\"Instalacion de Filtros para piscinas - integralpiscinas 11\" \/><\/figure><\/div><div class=\"swiper-slide\" role=\"group\" aria-roledescription=\"slide\" aria-label=\"14 de 20\"><figure class=\"swiper-slide-inner\"><img decoding=\"async\" class=\"swiper-slide-image\" src=\"https:\/\/integralpiscinaschile.cl\/wp-content\/uploads\/2024\/06\/Instalacion-de-Filtros-para-piscinas-integralpiscinas-10.jpg\" alt=\"Instalacion de Filtros para piscinas - integralpiscinas 10\" \/><\/figure><\/div><div class=\"swiper-slide\" role=\"group\" aria-roledescription=\"slide\" aria-label=\"15 de 20\"><figure class=\"swiper-slide-inner\"><img decoding=\"async\" class=\"swiper-slide-image\" src=\"https:\/\/integralpiscinaschile.cl\/wp-content\/uploads\/2024\/06\/Instalacion-de-Filtros-para-piscinas-integralpiscinas-9.jpg\" alt=\"Instalacion de Filtros para piscinas - integralpiscinas 9\" \/><\/figure><\/div><div class=\"swiper-slide\" role=\"group\" aria-roledescription=\"slide\" aria-label=\"16 de 20\"><figure class=\"swiper-slide-inner\"><img decoding=\"async\" class=\"swiper-slide-image\" src=\"https:\/\/integralpiscinaschile.cl\/wp-content\/uploads\/2024\/06\/Instalacion-de-Filtros-para-piscinas-integralpiscinas-8.jpg\" alt=\"Instalacion de Filtros para piscinas - integralpiscinas 8\" \/><\/figure><\/div><div class=\"swiper-slide\" role=\"group\" aria-roledescription=\"slide\" aria-label=\"17 de 20\"><figure class=\"swiper-slide-inner\"><img decoding=\"async\" class=\"swiper-slide-image\" src=\"https:\/\/integralpiscinaschile.cl\/wp-content\/uploads\/2024\/06\/Instalacion-de-Filtros-para-piscinas-integralpiscinas-7.jpg\" alt=\"Instalacion de Filtros para piscinas - integralpiscinas 7\" \/><\/figure><\/div><div class=\"swiper-slide\" role=\"group\" aria-roledescription=\"slide\" aria-label=\"18 de 20\"><figure class=\"swiper-slide-inner\"><img decoding=\"async\" class=\"swiper-slide-image\" src=\"https:\/\/integralpiscinaschile.cl\/wp-content\/uploads\/2024\/06\/Instalacion-de-Filtros-para-piscinas-integralpiscinas-6.jpg\" alt=\"Instalacion de Filtros para piscinas - integralpiscinas 6\" \/><\/figure><\/div><div class=\"swiper-slide\" role=\"group\" aria-roledescription=\"slide\" aria-label=\"19 de 20\"><figure class=\"swiper-slide-inner\"><img decoding=\"async\" class=\"swiper-slide-image\" src=\"https:\/\/integralpiscinaschile.cl\/wp-content\/uploads\/2024\/06\/Mantencion-de-Piscinas-integralpiscinas-37.jpg\" alt=\"Mantencion de Piscinas - integralpiscinas 37\" \/><\/figure><\/div><div class=\"swiper-slide\" role=\"group\" aria-roledescription=\"slide\" aria-label=\"20 de 20\"><figure class=\"swiper-slide-inner\"><img decoding=\"async\" class=\"swiper-slide-image\" src=\"https:\/\/integralpiscinaschile.cl\/wp-content\/uploads\/2024\/06\/Mantencion-de-Piscinas-integralpiscinas-36.jpg\" alt=\"Mantencion de Piscinas - integralpiscinas 36\" \/><\/figure><\/div>\t\t\t<\/div>\n\t\t\t\t\t\t\t\t\t\t\t\t<div class=\"elementor-swiper-button elementor-swiper-button-prev\" role=\"button\" tabindex=\"0\">\n\t\t\t\t\t\t<svg aria-hidden=\"true\" class=\"e-font-icon-svg e-eicon-chevron-left\" viewBox=\"0 0 1000 1000\" xmlns=\"http:\/\/www.w3.org\/2000\/svg\"><path d=\"M646 125C629 125 613 133 604 142L308 442C296 454 292 471 292 487 292 504 296 521 308 533L604 854C617 867 629 875 646 875 663 875 679 871 692 858 704 846 713 829 713 812 713 796 708 779 692 767L438 487 692 225C700 217 708 204 708 187 708 171 704 154 692 142 675 129 663 125 646 125Z\"><\/path><\/svg>\t\t\t\t\t<\/div>\n\t\t\t\t\t<div class=\"elementor-swiper-button elementor-swiper-button-next\" role=\"button\" tabindex=\"0\">\n\t\t\t\t\t\t<svg aria-hidden=\"true\" class=\"e-font-icon-svg e-eicon-chevron-right\" viewBox=\"0 0 1000 1000\" xmlns=\"http:\/\/www.w3.org\/2000\/svg\"><path d=\"M696 533C708 521 713 504 713 487 713 471 708 454 696 446L400 146C388 133 375 125 354 125 338 125 325 129 313 142 300 154 292 171 292 187 292 204 296 221 308 233L563 492 304 771C292 783 288 800 288 817 288 833 296 850 308 863 321 871 338 875 354 875 371 875 388 867 400 854L696 533Z\"><\/path><\/svg>\t\t\t\t\t<\/div>\n\t\t\t\t\n\t\t\t\t\t\t\t\t\t<div class=\"swiper-pagination\"><\/div>\n\t\t\t\t\t\t\t\t\t<\/div>\n\t\t\t\t\t\t<\/div>\n\t\t\t\t<\/div>\n\t\t\t\t\t<\/div>\n\t\t<\/div>\n\t\t\t\t\t<\/div>\n\t\t<\/section>\n\t\t\t\t\t<\/div>\n\t\t<\/div>\n\t\t\t\t\t<\/div>\n\t\t<\/section>\n\t\t\t\t\t<\/div>\n\t\t<\/div>\n\t\t\t\t\t<\/div>\n\t\t<\/section>\n\t\t<div class=\"elementor-element elementor-element-3cebfb8 e-flex e-con-boxed e-con e-parent\" data-id=\"3cebfb8\" data-element_type=\"container\">\n\t\t\t\t\t<div class=\"e-con-inner\">\n\t\t\t\t<div class=\"elementor-element elementor-element-d670549 elementor-widget elementor-widget-dit-button\" data-id=\"d670549\" data-element_type=\"widget\" data-widget_type=\"dit-button.default\">\n\t\t\t\t<div class=\"elementor-widget-container\">\n\t\t\t\t\t\r\n\t\t\r\n\t\t\t<div class=\"dreamit-button style1\">\r\n\t\t\t\t<a class=\"button\" href=\"https:\/\/integralpiscinaschile.cl\/index.php\/contact\/\">\r\n\t\t\t\t\t\r\n\t\t\t\t\t\t\t\t\t\tSolicitar Presupuesto con Instalaci\u00f3n\t\t\t\t<\/a>\r\n\t\t\t<\/div>\r\n\r\n\t\t\r\n\t\t\t\t\t<\/div>\n\t\t\t\t<\/div>\n\t\t\t\t\t<\/div>\n\t\t\t\t<\/div>\n\t\t\t\t<\/div>\n\t\t","protected":false},"excerpt":{"rendered":"<p>Instalaci\u00f3n completa de los equipo para su Piscinas Seleccionamos cuidadosamente el equipo adecuado asegur\u00e1ndonos de elegir la bomba y el filtro que m\u00e1s se adaptan al tama\u00f1o de su piscina adem\u00e1s determinamos la capacidad de la bomba necesaria seg\u00fan los metros c\u00fabicos de agua y las caracter\u00edsticas del entorno garantizando as\u00ed un funcionamiento \u00f3ptimo del [&hellip;]<\/p>\n","protected":false},"author":1,"featured_media":0,"parent":0,"menu_order":0,"comment_status":"closed","ping_status":"closed","template":"page-templates\/template-default.php","meta":{"footnotes":""},"class_list":["post-2991","page","type-page","status-publish","hentry"],"_links":{"self":[{"href":"https:\/\/integralpiscinaschile.cl\/index.php\/wp-json\/wp\/v2\/pages\/2991","targetHints":{"allow":["GET"]}}],"collection":[{"href":"https:\/\/integralpiscinaschile.cl\/index.php\/wp-json\/wp\/v2\/pages"}],"about":[{"href":"https:\/\/integralpiscinaschile.cl\/index.php\/wp-json\/wp\/v2\/types\/page"}],"author":[{"embeddable":true,"href":"https:\/\/integralpiscinaschile.cl\/index.php\/wp-json\/wp\/v2\/users\/1"}],"replies":[{"embeddable":true,"href":"https:\/\/integralpiscinaschile.cl\/index.php\/wp-json\/wp\/v2\/comments?post=2991"}],"version-history":[{"count":4,"href":"https:\/\/integralpiscinaschile.cl\/index.php\/wp-json\/wp\/v2\/pages\/2991\/revisions"}],"predecessor-version":[{"id":2997,"href":"https:\/\/integralpiscinaschile.cl\/index.php\/wp-json\/wp\/v2\/pages\/2991\/revisions\/2997"}],"wp:attachment":[{"href":"https:\/\/integralpiscinaschile.cl\/index.php\/wp-json\/wp\/v2\/media?parent=2991"}],"curies":[{"name":"wp","href":"https:\/\/api.w.org\/{rel}","templated":true}]}}