{"id":641,"date":"2024-04-24T09:52:15","date_gmt":"2024-04-24T09:52:15","guid":{"rendered":"https:\/\/wp.ditsolution.net\/surfzy\/?page_id=641"},"modified":"2024-06-17T06:31:19","modified_gmt":"2024-06-17T10:31:19","slug":"servicios","status":"publish","type":"page","link":"https:\/\/integralpiscinaschile.cl\/index.php\/servicios\/","title":{"rendered":"Servicios"},"content":{"rendered":"\t\t<div data-elementor-type=\"wp-page\" data-elementor-id=\"641\" class=\"elementor elementor-641\">\n\t\t\t\t\t\t<section class=\"elementor-section elementor-top-section elementor-element elementor-element-03902ba elementor-section-boxed elementor-section-height-default elementor-section-height-default\" data-id=\"03902ba\" data-element_type=\"section\" data-settings=\"{&quot;background_background&quot;:&quot;classic&quot;}\">\n\t\t\t\t\t\t<div class=\"elementor-container elementor-column-gap-default\">\n\t\t\t\t\t<div class=\"elementor-column elementor-col-100 elementor-top-column elementor-element elementor-element-5f27bb3\" data-id=\"5f27bb3\" data-element_type=\"column\">\n\t\t\t<div class=\"elementor-widget-wrap elementor-element-populated\">\n\t\t\t\t\t\t<section class=\"elementor-section elementor-inner-section elementor-element elementor-element-fa47a7c elementor-section-boxed elementor-section-height-default elementor-section-height-default\" data-id=\"fa47a7c\" data-element_type=\"section\">\n\t\t\t\t\t\t<div class=\"elementor-container elementor-column-gap-default\">\n\t\t\t\t\t<div class=\"elementor-column elementor-col-100 elementor-inner-column elementor-element elementor-element-008e02e elementor-invisible\" data-id=\"008e02e\" data-element_type=\"column\" data-settings=\"{&quot;animation&quot;:&quot;fadeInLeft&quot;}\">\n\t\t\t<div class=\"elementor-widget-wrap elementor-element-populated\">\n\t\t\t\t\t\t<div class=\"elementor-element elementor-element-a0137eb elementor-widget elementor-widget-section-title\" data-id=\"a0137eb\" data-element_type=\"widget\" data-widget_type=\"section-title.default\">\n\t\t\t\t<div class=\"elementor-widget-container\">\n\t\t\t\t\t\r\n\t\t\t\t\t<div class=\"section-title style2\">\r\n\t\t\t\t\t\t\t\t\r\n\t\t\t\t \r\n\t\t\t\t\t<h3 class=\"title\">Servicios de Mantenimiento de <span>Piscinas<\/span><\/h3>\r\n\t\t\t\t\t\t\t\t\r\n\t\t\t\t \r\n\t\t\t\t\t<p class=\"description\">Con m\u00e1s de 23 a\u00f1os de experiencia en el rubro, en IntegralPiscinas nos comprometemos a brindar un servicio de alta calidad y garantizar la satisfacci\u00f3n de nuestros clientes. Contamos con cobertura en toda la regi\u00f3n metropolitana y sus alrededores, y ofrecemos servicio t\u00e9cnico en todo Chile, seg\u00fan disponibilidad y agenda.<\/p>\r\n\t\t\t\t\t\t\t<\/div>\r\n\r\n\t\t\r\n\t\t\t\t\t\t<\/div>\n\t\t\t\t<\/div>\n\t\t\t\t<div class=\"elementor-element elementor-element-8ef82d9 elementor-widget elementor-widget-text-editor\" data-id=\"8ef82d9\" data-element_type=\"widget\" data-widget_type=\"text-editor.default\">\n\t\t\t\t<div class=\"elementor-widget-container\">\n\t\t\t\t\t\t\t\t\t<p>En IntegralPiscinas, ofrecemos una amplia gama de servicios para el mantenimiento integral de piscinas. Nuestros servicios incluyen:<\/p><ul><li><p><strong>Atenci\u00f3n Detallada:<\/strong> Realizamos tareas como aspirado de fondo, escobillado de muros, barrido de hojas, retrolavado y enjuague del filtro, limpieza de canastillos de bomba y skimmer, y aplicaci\u00f3n de productos qu\u00edmicos. Adem\u00e1s, programamos el timer para una gesti\u00f3n eficiente del sistema.<\/p><\/li><li><p><strong>Registro Digital:<\/strong> Para mayor comodidad de nuestros clientes, entregamos un registro digital directamente a sus tel\u00e9fonos, donde pueden llevar un seguimiento detallado de nuestro servicio.<\/p><\/li><li><p><strong>Planes de Mantenimiento:<\/strong> Ofrecemos planes adaptados a las necesidades de cada cliente, tanto para verano como para invierno. Contamos con opciones espec\u00edficas para edificios, comunidades, particulares y empresas.<\/p><\/li><\/ul><p><strong>Servicio T\u00e9cnico Especializado<\/strong><\/p><p>Nuestro equipo t\u00e9cnico altamente capacitado ofrece una amplia gama de servicios para garantizar el correcto funcionamiento de su piscina. Entre nuestros servicios destacados se encuentran:<\/p><ul><li><p><strong>Instalaci\u00f3n y Reparaci\u00f3n:<\/strong> Realizamos la instalaci\u00f3n y reparaci\u00f3n de bombas, filtros, timers, tableros el\u00e9ctricos, focos, y otros equipos relacionados con el funcionamiento de su piscina.<\/p><\/li><li><p><strong>Servicio de Vaciado y Limpieza:<\/strong> Dejamos su piscina completamente desinfectada y lista para cualquier tipo de trabajo.<\/p><\/li><li><p><strong>Toma de Presi\u00f3n y Detecci\u00f3n de Fugas:<\/strong> Realizamos un servicio de toma de presi\u00f3n para verificar el estado de las ca\u00f1er\u00edas y detectar posibles fugas. En caso de encontrar problemas, realizamos las reparaciones necesarias de manera r\u00e1pida y eficiente.<\/p><\/li><\/ul><p><strong>Venta e Instalaci\u00f3n de Equipos<\/strong><\/p><p>Ofrecemos una amplia variedad de equipos de alta calidad para su piscina, incluyendo:<\/p><ul><li><p><strong>Bombas de Calor:<\/strong> Nuestras bombas de calor tienen tecnolog\u00eda Inverter para un consumo inteligente y eficiente. Son amigables con el medio ambiente, ofrecen un control WiFi a trav\u00e9s de la app Aquatemp, y tienen un bajo nivel de ruido.<\/p><\/li><li><p><strong>Revestimiento de Piscinas:<\/strong> Utilizamos un revestimiento de durabilidad de 15 a 20 a\u00f1os, compuesto por cemento blanco, cuarzo y pol\u00edmeros de colores, que evita la formaci\u00f3n de sarro y mantiene el pH elevado.<\/p><\/li><li><p><strong>Venta e Instalaci\u00f3n de Piscinas en Fibra de Vidrio:<\/strong> Ofrecemos un servicio completo de instalaci\u00f3n de piscinas en fibra de vidrio, con todos los componentes necesarios para un funcionamiento \u00f3ptimo.<\/p><\/li><\/ul><p><strong>Compromiso y Garant\u00eda<\/strong><\/p><p>Conf\u00ede en IntegralPiscinas para mantener su piscina en \u00f3ptimas condiciones y disfrutar de un ambiente seguro y saludable para su familia.<\/p>\t\t\t\t\t\t\t\t<\/div>\n\t\t\t\t<\/div>\n\t\t\t\t<section class=\"elementor-section elementor-inner-section elementor-element elementor-element-0423e06 elementor-section-boxed elementor-section-height-default elementor-section-height-default\" data-id=\"0423e06\" data-element_type=\"section\">\n\t\t\t\t\t\t<div class=\"elementor-container elementor-column-gap-default\">\n\t\t\t\t\t<div class=\"elementor-column elementor-col-100 elementor-inner-column elementor-element elementor-element-1c4a88a elementor-invisible\" data-id=\"1c4a88a\" data-element_type=\"column\" data-settings=\"{&quot;animation&quot;:&quot;fadeInLeft&quot;}\">\n\t\t\t<div class=\"elementor-widget-wrap elementor-element-populated\">\n\t\t\t\t\t\t<div class=\"elementor-element elementor-element-670e62f elementor-widget elementor-widget-section-title\" data-id=\"670e62f\" data-element_type=\"widget\" data-widget_type=\"section-title.default\">\n\t\t\t\t<div class=\"elementor-widget-container\">\n\t\t\t\t\t\r\n\t\t\t\t\t<div class=\"section-title style2\">\r\n\t\t\t\t\t\t\t\t\r\n\t\t\t\t \r\n\t\t\t\t\t<h3 class=\"title\">Venta  e Instalaci\u00f3n  de <br> Equipamiento para <span>Piscinas<\/span><\/h3>\r\n\t\t\t\t\t\t\t\t\r\n\t\t\t\t\t\t\t<\/div>\r\n\r\n\t\t\r\n\t\t\t\t\t\t<\/div>\n\t\t\t\t<\/div>\n\t\t\t\t\t<\/div>\n\t\t<\/div>\n\t\t\t\t\t<\/div>\n\t\t<\/section>\n\t\t\t\t<section class=\"elementor-section elementor-inner-section elementor-element elementor-element-985fb67 elementor-section-boxed elementor-section-height-default elementor-section-height-default\" data-id=\"985fb67\" data-element_type=\"section\">\n\t\t\t\t\t\t<div class=\"elementor-container elementor-column-gap-default\">\n\t\t\t\t\t<div class=\"elementor-column elementor-col-25 elementor-inner-column elementor-element elementor-element-57bf5e1 elementor-invisible\" data-id=\"57bf5e1\" data-element_type=\"column\" data-settings=\"{&quot;animation&quot;:&quot;fadeInLeft&quot;}\">\n\t\t\t<div class=\"elementor-widget-wrap elementor-element-populated\">\n\t\t\t\t\t\t<div class=\"elementor-element elementor-element-dbc6862 elementor-widget elementor-widget-service\" data-id=\"dbc6862\" data-element_type=\"widget\" data-widget_type=\"service.default\">\n\t\t\t\t<div class=\"elementor-widget-container\">\n\t\t\t\t\t\r\n\t\t\t\t\t<div class=\"service-box style5\">\r\n\t\t\t\t<div class=\"service-number\">\r\n\t\t\t\t\t<span class=\"service-box-number\"><\/span>\r\n\t\t\t\t<\/div>\r\n\t\t\t\t\r\n\t\t\t\t<div class=\"img_theme\">\r\n\t\t\t\t    <img decoding=\"async\" src=\"https:\/\/integralpiscinaschile.cl\/wp-content\/uploads\/2024\/06\/bomba-para-piscina-pileta-hp-220v.png\" alt=\"surfzy\">\r\n\t\t\t\t    \r\n\t\t\t\t    <div class=\"icon\">\r\n\t\t\t\t\t\t\t\t\t\t\t\t\t\t\t\t\t\t\t\t    <\/div>\r\n\t\t\t\t\r\n\t\t\t\t<\/div>\r\n\r\n\t\t\t\t<div class=\"content\">\r\n\t\t\t\t\t<a href=\"\"><h3 class=\"title\">Bomba para pileta Vulcano <\/h3><\/a>\r\n\t\t\t\t\t<p class=\"description\"><\/p>\r\n\t\t\t\t\t\r\n\t\t\t\t\t\t\t\t\t<\/div>\r\n\t\t\t<\/div>\r\n\t\t\t\r\n\t\t\t\t\t\t<\/div>\n\t\t\t\t<\/div>\n\t\t\t\t\t<\/div>\n\t\t<\/div>\n\t\t\t\t<div class=\"elementor-column elementor-col-25 elementor-inner-column elementor-element elementor-element-1f1bcf2 elementor-invisible\" data-id=\"1f1bcf2\" data-element_type=\"column\" data-settings=\"{&quot;animation&quot;:&quot;fadeInUp&quot;}\">\n\t\t\t<div class=\"elementor-widget-wrap elementor-element-populated\">\n\t\t\t\t\t\t<div class=\"elementor-element elementor-element-24d1d3c elementor-widget elementor-widget-service\" data-id=\"24d1d3c\" data-element_type=\"widget\" data-widget_type=\"service.default\">\n\t\t\t\t<div class=\"elementor-widget-container\">\n\t\t\t\t\t\r\n\t\t\t\t\t<div class=\"service-box style5\">\r\n\t\t\t\t<div class=\"service-number\">\r\n\t\t\t\t\t<span class=\"service-box-number\"><\/span>\r\n\t\t\t\t<\/div>\r\n\t\t\t\t\r\n\t\t\t\t<div class=\"img_theme\">\r\n\t\t\t\t    <img decoding=\"async\" src=\"https:\/\/integralpiscinaschile.cl\/wp-content\/uploads\/2024\/06\/FILTRO-para-piscina-VC-20-VULCANO.png\" alt=\"surfzy\">\r\n\t\t\t\t    \r\n\t\t\t\t    <div class=\"icon\">\r\n\t\t\t\t\t\t\t\t\t\t\t\t\t\t\t\t\t\t\t\t    <\/div>\r\n\t\t\t\t\r\n\t\t\t\t<\/div>\r\n\r\n\t\t\t\t<div class=\"content\">\r\n\t\t\t\t\t<a href=\"\"><h3 class=\"title\">FILTRO VULCANO<\/h3><\/a>\r\n\t\t\t\t\t<p class=\"description\"><\/p>\r\n\t\t\t\t\t\r\n\t\t\t\t\t\t\t\t\t<\/div>\r\n\t\t\t<\/div>\r\n\t\t\t\r\n\t\t\t\t\t\t<\/div>\n\t\t\t\t<\/div>\n\t\t\t\t\t<\/div>\n\t\t<\/div>\n\t\t\t\t<div class=\"elementor-column elementor-col-25 elementor-inner-column elementor-element elementor-element-00da107 elementor-invisible\" data-id=\"00da107\" data-element_type=\"column\" data-settings=\"{&quot;animation&quot;:&quot;fadeInUp&quot;}\">\n\t\t\t<div class=\"elementor-widget-wrap elementor-element-populated\">\n\t\t\t\t\t\t<div class=\"elementor-element elementor-element-6bee169 elementor-widget elementor-widget-service\" data-id=\"6bee169\" data-element_type=\"widget\" data-widget_type=\"service.default\">\n\t\t\t\t<div class=\"elementor-widget-container\">\n\t\t\t\t\t\r\n\t\t\t\t\t<div class=\"service-box style5\">\r\n\t\t\t\t<div class=\"service-number\">\r\n\t\t\t\t\t<span class=\"service-box-number\"><\/span>\r\n\t\t\t\t<\/div>\r\n\t\t\t\t\r\n\t\t\t\t<div class=\"img_theme\">\r\n\t\t\t\t    <img decoding=\"async\" src=\"https:\/\/integralpiscinaschile.cl\/wp-content\/uploads\/2024\/06\/Piscinas-de-Fibra.png\" alt=\"surfzy\">\r\n\t\t\t\t    \r\n\t\t\t\t    <div class=\"icon\">\r\n\t\t\t\t\t\t\t\t\t\t\t\t\t\t\t\t\t\t\t\t    <\/div>\r\n\t\t\t\t\r\n\t\t\t\t<\/div>\r\n\r\n\t\t\t\t<div class=\"content\">\r\n\t\t\t\t\t<a href=\"\"><h3 class=\"title\">Piscinas en fibra de vidrio<\/h3><\/a>\r\n\t\t\t\t\t<p class=\"description\"><\/p>\r\n\t\t\t\t\t\r\n\t\t\t\t\t\t\t\t\t<\/div>\r\n\t\t\t<\/div>\r\n\t\t\t\r\n\t\t\t\t\t\t<\/div>\n\t\t\t\t<\/div>\n\t\t\t\t\t<\/div>\n\t\t<\/div>\n\t\t\t\t<div class=\"elementor-column elementor-col-25 elementor-inner-column elementor-element elementor-element-bf0d3da elementor-invisible\" data-id=\"bf0d3da\" data-element_type=\"column\" data-settings=\"{&quot;animation&quot;:&quot;fadeInRight&quot;}\">\n\t\t\t<div class=\"elementor-widget-wrap elementor-element-populated\">\n\t\t\t\t\t\t<div class=\"elementor-element elementor-element-776fb54 elementor-widget elementor-widget-service\" data-id=\"776fb54\" data-element_type=\"widget\" data-widget_type=\"service.default\">\n\t\t\t\t<div class=\"elementor-widget-container\">\n\t\t\t\t\t\r\n\t\t\t\t\t<div class=\"service-box style5\">\r\n\t\t\t\t<div class=\"service-number\">\r\n\t\t\t\t\t<span class=\"service-box-number\"><\/span>\r\n\t\t\t\t<\/div>\r\n\t\t\t\t\r\n\t\t\t\t<div class=\"img_theme\">\r\n\t\t\t\t    <img decoding=\"async\" src=\"https:\/\/integralpiscinaschile.cl\/wp-content\/uploads\/2024\/06\/FOCO-PISCINA-PLANO-VULCANO.png\" alt=\"surfzy\">\r\n\t\t\t\t    \r\n\t\t\t\t    <div class=\"icon\">\r\n\t\t\t\t\t\t\t\t\t\t\t\t\t\t\t\t\t\t\t\t    <\/div>\r\n\t\t\t\t\r\n\t\t\t\t<\/div>\r\n\r\n\t\t\t\t<div class=\"content\">\r\n\t\t\t\t\t<a href=\"\"><h3 class=\"title\">FOCO PISCINA PLANO <\/h3><\/a>\r\n\t\t\t\t\t<p class=\"description\"><\/p>\r\n\t\t\t\t\t\r\n\t\t\t\t\t\t\t\t\t<\/div>\r\n\t\t\t<\/div>\r\n\t\t\t\r\n\t\t\t\t\t\t<\/div>\n\t\t\t\t<\/div>\n\t\t\t\t\t<\/div>\n\t\t<\/div>\n\t\t\t\t\t<\/div>\n\t\t<\/section>\n\t\t\t\t<div class=\"elementor-element elementor-element-439ae73 elementor-widget elementor-widget-dit-button\" data-id=\"439ae73\" data-element_type=\"widget\" data-widget_type=\"dit-button.default\">\n\t\t\t\t<div class=\"elementor-widget-container\">\n\t\t\t\t\t\r\n\t\t\r\n\t\t\t<div class=\"dreamit-button style1\">\r\n\t\t\t\t<a class=\"button\" href=\"\">\r\n\t\t\t\t\t\r\n\t\t\t\t\t\t\t\t\t\tSolicitar Presupuesto con Instalaci\u00f3n\t\t\t\t<\/a>\r\n\t\t\t<\/div>\r\n\r\n\t\t\r\n\t\t\t\t\t<\/div>\n\t\t\t\t<\/div>\n\t\t\t\t\t<\/div>\n\t\t<\/div>\n\t\t\t\t\t<\/div>\n\t\t<\/section>\n\t\t\t\t\t<\/div>\n\t\t<\/div>\n\t\t\t\t\t<\/div>\n\t\t<\/section>\n\t\t\t\t<\/div>\n\t\t","protected":false},"excerpt":{"rendered":"<p>Servicios de Mantenimiento de Piscinas Con m\u00e1s de 23 a\u00f1os de experiencia en el rubro, en IntegralPiscinas nos comprometemos a brindar un servicio de alta calidad y garantizar la satisfacci\u00f3n de nuestros clientes. Contamos con cobertura en toda la regi\u00f3n metropolitana y sus alrededores, y ofrecemos servicio t\u00e9cnico en todo Chile, seg\u00fan disponibilidad y agenda. [&hellip;]<\/p>\n","protected":false},"author":1,"featured_media":0,"parent":0,"menu_order":0,"comment_status":"closed","ping_status":"closed","template":"page-templates\/template-default.php","meta":{"footnotes":""},"class_list":["post-641","page","type-page","status-publish","hentry"],"_links":{"self":[{"href":"https:\/\/integralpiscinaschile.cl\/index.php\/wp-json\/wp\/v2\/pages\/641","targetHints":{"allow":["GET"]}}],"collection":[{"href":"https:\/\/integralpiscinaschile.cl\/index.php\/wp-json\/wp\/v2\/pages"}],"about":[{"href":"https:\/\/integralpiscinaschile.cl\/index.php\/wp-json\/wp\/v2\/types\/page"}],"author":[{"embeddable":true,"href":"https:\/\/integralpiscinaschile.cl\/index.php\/wp-json\/wp\/v2\/users\/1"}],"replies":[{"embeddable":true,"href":"https:\/\/integralpiscinaschile.cl\/index.php\/wp-json\/wp\/v2\/comments?post=641"}],"version-history":[{"count":11,"href":"https:\/\/integralpiscinaschile.cl\/index.php\/wp-json\/wp\/v2\/pages\/641\/revisions"}],"predecessor-version":[{"id":2972,"href":"https:\/\/integralpiscinaschile.cl\/index.php\/wp-json\/wp\/v2\/pages\/641\/revisions\/2972"}],"wp:attachment":[{"href":"https:\/\/integralpiscinaschile.cl\/index.php\/wp-json\/wp\/v2\/media?parent=641"}],"curies":[{"name":"wp","href":"https:\/\/api.w.org\/{rel}","templated":true}]}}